{"id":108,"date":"2023-01-17T16:25:43","date_gmt":"2023-01-17T16:25:43","guid":{"rendered":"https:\/\/redmuller.net\/?page_id=108"},"modified":"2023-01-25T20:21:38","modified_gmt":"2023-01-25T20:21:38","slug":"prevenir","status":"publish","type":"page","link":"https:\/\/redmuller.net\/index.php\/prevenir\/","title":{"rendered":"Prevenir"},"content":{"rendered":"\n\n\n\n\n\n\n[et_pb_section fb_built=&#8221;1&#8243; _builder_version=&#8221;4.19.2&#8243; _module_preset=&#8221;default&#8221; background_enable_color=&#8221;off&#8221; background_image=&#8221;https:\/\/redmuller.net\/wp-content\/uploads\/2023\/01\/bg6-RM.jpg&#8221; parallax=&#8221;on&#8221; custom_padding=&#8221;110px|||||&#8221; global_colors_info=&#8221;{}&#8221;][et_pb_row _builder_version=&#8221;4.19.2&#8243; _module_preset=&#8221;default&#8221; custom_margin=&#8221;22px|auto||auto||&#8221; global_colors_info=&#8221;{}&#8221;][et_pb_column type=&#8221;4_4&#8243; _builder_version=&#8221;4.19.2&#8243; _module_preset=&#8221;default&#8221; global_colors_info=&#8221;{}&#8221;][et_pb_text _builder_version=&#8221;4.19.2&#8243; _module_preset=&#8221;default&#8221; text_font=&#8221;|300|||||||&#8221; text_text_color=&#8221;#FFFFFF&#8221; text_font_size=&#8221;20px&#8221; header_font=&#8221;|700|||||||&#8221; header_text_color=&#8221;#7DF76F&#8221; custom_margin=&#8221;||-24px|||&#8221; global_colors_info=&#8221;{}&#8221;]<h1 class=\"p1\">Riesgos de ataques cibern\u00e9ticos<\/h1>[\/et_pb_text][\/et_pb_column][\/et_pb_row][et_pb_row column_structure=&#8221;1_2,1_2&#8243; _builder_version=&#8221;4.19.2&#8243; _module_preset=&#8221;default&#8221; custom_margin=&#8221;-9px|auto||auto||&#8221; global_colors_info=&#8221;{}&#8221;][et_pb_column type=&#8221;1_2&#8243; _builder_version=&#8221;4.19.2&#8243; _module_preset=&#8221;default&#8221; global_colors_info=&#8221;{}&#8221;][et_pb_text _builder_version=&#8221;4.19.2&#8243; _module_preset=&#8221;default&#8221; text_text_color=&#8221;#FFFFFF&#8221; background_color=&#8221;RGBA(255,255,255,0)&#8221; text_orientation=&#8221;center&#8221; global_colors_info=&#8221;{}&#8221;]<p class=\"p1\" style=\"text-align: left;\">Un estudio de ESET Security realizado entre 2500 empresas de 15 paises de la regi\u00f3n determinaron que durante el 2021:<span class=\"Apple-converted-space\">\u00a0<\/span><\/p>\n<p class=\"p1\" style=\"text-align: left;\">En Latinoam\u00e9rica, 3 de cada 5 empresas sufrieron por lo menos un incidente de seguridad en la red; la mayor\u00eda estuvo en el top de la infecci\u00f3n con c\u00f3digos maliciosos.<span class=\"Apple-converted-space\">\u00a0<\/span><\/p>\n<p class=\"p1\" style=\"text-align: left;\">En dicho estudio adem\u00e1s se determin\u00f3 que, al menos 1 de cada 5 empresas fueron v\u00edctimas del &#8216;secuestro&#8217; de informaci\u00f3n.<\/p>[\/et_pb_text][\/et_pb_column][et_pb_column type=&#8221;1_2&#8243; _builder_version=&#8221;4.19.2&#8243; _module_preset=&#8221;default&#8221; global_colors_info=&#8221;{}&#8221;][\/et_pb_column][\/et_pb_row][\/et_pb_section][et_pb_section fb_built=&#8221;1&#8243; _builder_version=&#8221;4.19.2&#8243; _module_preset=&#8221;default&#8221; background_color=&#8221;rgba(0,0,0,0.9)&#8221; custom_padding=&#8221;||30px|||&#8221; global_colors_info=&#8221;{}&#8221;][et_pb_row _builder_version=&#8221;4.19.2&#8243; _module_preset=&#8221;default&#8221; global_colors_info=&#8221;{}&#8221;][et_pb_column type=&#8221;4_4&#8243; _builder_version=&#8221;4.19.2&#8243; _module_preset=&#8221;default&#8221; global_colors_info=&#8221;{}&#8221;][et_pb_text _builder_version=&#8221;4.19.2&#8243; _module_preset=&#8221;default&#8221; text_text_color=&#8221;#FFFFFF&#8221; header_text_color=&#8221;#FFFFFF&#8221; background_color=&#8221;RGBA(255,255,255,0)&#8221; text_orientation=&#8221;center&#8221; global_colors_info=&#8221;{}&#8221;]<h1>Ataques en Ecuador:<\/h1>[\/et_pb_text][\/et_pb_column][\/et_pb_row][et_pb_row column_structure=&#8221;1_2,1_2&#8243; _builder_version=&#8221;4.19.2&#8243; _module_preset=&#8221;default&#8221; global_colors_info=&#8221;{}&#8221;][et_pb_column type=&#8221;1_2&#8243; _builder_version=&#8221;4.19.2&#8243; _module_preset=&#8221;default&#8221; global_colors_info=&#8221;{}&#8221;][et_pb_blurb title=&#8221;Los ataques inform\u00e1ticos a pymes crecen en el Ecuador&#8221; url=&#8221;https:\/\/www.elcomercio.com\/tendencias\/tecnologia\/ataques-informaticos-pymes-crecen-ecuador.html&#8221; url_new_window=&#8221;on&#8221; image=&#8221;https:\/\/redmuller.net\/wp-content\/uploads\/2023\/01\/image4-RM.jpg&#8221; _builder_version=&#8221;4.19.2&#8243; _module_preset=&#8221;default&#8221; header_font=&#8221;|600|||||||&#8221; header_text_color=&#8221;#7DF76F&#8221; link_option_url=&#8221;https:\/\/www.elcomercio.com\/tendencias\/tecnologia\/ataques-informaticos-pymes-crecen-ecuador.html&#8221; link_option_url_new_window=&#8221;on&#8221; global_colors_info=&#8221;{}&#8221;]<p>Lee el art\u00edculo completo:<\/p>[\/et_pb_blurb][et_pb_button button_url=&#8221;https:\/\/www.elcomercio.com\/tendencias\/tecnologia\/ataques-informaticos-pymes-crecen-ecuador.html&#8221; url_new_window=&#8221;on&#8221; button_text=&#8221;Leer m\u00e1s&#8221; _builder_version=&#8221;4.19.2&#8243; _module_preset=&#8221;default&#8221; custom_button=&#8221;on&#8221; button_text_color=&#8221;#000000&#8243; button_bg_color=&#8221;#FFFFFF&#8221; button_border_color=&#8221;#7DF76F&#8221; global_colors_info=&#8221;{}&#8221;][\/et_pb_button][\/et_pb_column][et_pb_column type=&#8221;1_2&#8243; _builder_version=&#8221;4.19.2&#8243; _module_preset=&#8221;default&#8221; global_colors_info=&#8221;{}&#8221;][et_pb_blurb title=&#8221;Ecuador lidera la lista de pa\u00edses mas vulnerados por los ciberataques&#8221; url=&#8221;https:\/\/www.primicias.ec\/noticias\/tecnologia\/ciberataques-latinoamerica-elevan-pirateria-trabajo-remoto\/&#8221; url_new_window=&#8221;on&#8221; image=&#8221;https:\/\/redmuller.net\/wp-content\/uploads\/2023\/01\/image3-RM.jpg&#8221; _builder_version=&#8221;4.19.2&#8243; _module_preset=&#8221;default&#8221; header_font=&#8221;|600|||||||&#8221; header_text_color=&#8221;#7DF76F&#8221; link_option_url=&#8221;https:\/\/www.primicias.ec\/noticias\/tecnologia\/ciberataques-latinoamerica-elevan-pirateria-trabajo-remoto\/&#8221; link_option_url_new_window=&#8221;on&#8221; global_colors_info=&#8221;{}&#8221;]<p>Lee el art\u00edculo completo:<\/p>[\/et_pb_blurb][et_pb_button button_url=&#8221;https:\/\/www.primicias.ec\/noticias\/tecnologia\/ciberataques-latinoamerica-elevan-pirateria-trabajo-remoto\/&#8221; url_new_window=&#8221;on&#8221; button_text=&#8221;Leer m\u00e1s&#8221; _builder_version=&#8221;4.19.2&#8243; _module_preset=&#8221;default&#8221; custom_button=&#8221;on&#8221; button_text_color=&#8221;#000000&#8243; button_bg_color=&#8221;#FFFFFF&#8221; button_border_color=&#8221;#7DF76F&#8221; global_colors_info=&#8221;{}&#8221;][\/et_pb_button][\/et_pb_column][\/et_pb_row][et_pb_row column_structure=&#8221;1_2,1_2&#8243; _builder_version=&#8221;4.19.2&#8243; _module_preset=&#8221;default&#8221; global_colors_info=&#8221;{}&#8221;][et_pb_column type=&#8221;1_2&#8243; _builder_version=&#8221;4.19.2&#8243; _module_preset=&#8221;default&#8221; global_colors_info=&#8221;{}&#8221;][et_pb_blurb title=&#8221;Ataque Banco Pichincha 2021&#8243; url=&#8221;https:\/\/dialogo-americas.com\/es\/articles\/ataques-ciberneticos-amenazan-seguridad-en-ecuador\/#.Y8bfW-xKjCU&#8221; url_new_window=&#8221;on&#8221; image=&#8221;https:\/\/redmuller.net\/wp-content\/uploads\/2023\/01\/image5-RM.jpg&#8221; _builder_version=&#8221;4.19.2&#8243; _module_preset=&#8221;default&#8221; header_font=&#8221;|600|||||||&#8221; header_text_color=&#8221;#7DF76F&#8221; link_option_url=&#8221;https:\/\/dialogo-americas.com\/es\/articles\/ataques-ciberneticos-amenazan-seguridad-en-ecuador\/#.Y8bfW-xKjCU&#8221; link_option_url_new_window=&#8221;on&#8221; global_colors_info=&#8221;{}&#8221;]<p class=\"p1\">En octubre de 2021 el mayor banco privado de Ecuador, el Banco Pichincha, sufri\u00f3 un ciberataque que interrumpi\u00f3 sus operaciones, y dej\u00f3 fuera de servicio el cajero autom\u00e1tico y el portal de banca online. El ataque fue considerado como uno de los mayores ataques en el mundo ese a\u00f1o.<\/p>[\/et_pb_blurb][et_pb_button button_url=&#8221;https:\/\/dialogo-americas.com\/es\/articles\/ataques-ciberneticos-amenazan-seguridad-en-ecuador\/#.Y8bfW-xKjCU&#8221; url_new_window=&#8221;on&#8221; button_text=&#8221;Leer m\u00e1s&#8221; _builder_version=&#8221;4.19.2&#8243; _module_preset=&#8221;default&#8221; custom_button=&#8221;on&#8221; button_text_color=&#8221;#000000&#8243; button_bg_color=&#8221;#FFFFFF&#8221; button_border_color=&#8221;#7DF76F&#8221; global_colors_info=&#8221;{}&#8221;][\/et_pb_button][\/et_pb_column][et_pb_column type=&#8221;1_2&#8243; _builder_version=&#8221;4.19.2&#8243; _module_preset=&#8221;default&#8221; global_colors_info=&#8221;{}&#8221;][et_pb_blurb title=&#8221;Ciberataque Municipio de Quito&#8221; url=&#8221;https:\/\/www.swissinfo.ch\/spa\/ecuador-ciberataque_el-municipio-de-quito&#8211;v%C3%ADctima-de-ciberataque-que-afect%C3%B3-el-15&#8212;de-sus-datos\/47525602&#8243; url_new_window=&#8221;on&#8221; image=&#8221;https:\/\/redmuller.net\/wp-content\/uploads\/2023\/01\/image6-RM.jpg&#8221; _builder_version=&#8221;4.19.2&#8243; _module_preset=&#8221;default&#8221; header_font=&#8221;|600|||||||&#8221; header_text_color=&#8221;#7DF76F&#8221; link_option_url=&#8221;https:\/\/www.swissinfo.ch\/spa\/ecuador-ciberataque_el-municipio-de-quito&#8211;v%C3%ADctima-de-ciberataque-que-afect%C3%B3-el-15&#8212;de-sus-datos\/47525602&#8243; link_option_url_new_window=&#8221;on&#8221; global_colors_info=&#8221;{}&#8221;]<p><span>El 16 de abril, el municipio ecuatoriano de Quito recibi\u00f3 un ciberataque a su infraestructura inform\u00e1tica, a trav\u00e9s de un\u00a0<\/span><em>malware<\/em><span>\u00a0de tipo\u00a0<\/span><em>ransomware<\/em><span>\u00a0de la cepa BlackCat, vinculado a Rusia.<\/span><\/p>[\/et_pb_blurb][et_pb_button button_url=&#8221;https:\/\/www.swissinfo.ch\/spa\/ecuador-ciberataque_el-municipio-de-quito&#8211;v%C3%ADctima-de-ciberataque-que-afect%C3%B3-el-15&#8212;de-sus-datos\/47525602&#8243; url_new_window=&#8221;on&#8221; button_text=&#8221;Leer m\u00e1s&#8221; _builder_version=&#8221;4.19.2&#8243; _module_preset=&#8221;default&#8221; custom_button=&#8221;on&#8221; button_text_color=&#8221;#000000&#8243; button_bg_color=&#8221;#FFFFFF&#8221; button_border_color=&#8221;#7DF76F&#8221; global_colors_info=&#8221;{}&#8221;][\/et_pb_button][\/et_pb_column][\/et_pb_row][et_pb_row column_structure=&#8221;1_2,1_2&#8243; _builder_version=&#8221;4.19.2&#8243; _module_preset=&#8221;default&#8221; global_colors_info=&#8221;{}&#8221; custom_margin=&#8221;|auto|53px|auto||&#8221;][et_pb_column type=&#8221;1_2&#8243; _builder_version=&#8221;4.19.2&#8243; _module_preset=&#8221;default&#8221; global_colors_info=&#8221;{}&#8221;][et_pb_blurb title=&#8221;Info Polic\u00eda y Fuerzas Armadas&#8221; url=&#8221;https:\/\/www.primicias.ec\/noticias\/en-exclusiva\/hackear-sistemas-estrategicos-estrategia-crimen-organizado\/&#8221; url_new_window=&#8221;on&#8221; image=&#8221;https:\/\/redmuller.net\/wp-content\/uploads\/2023\/01\/image7-RM.jpg&#8221; _builder_version=&#8221;4.19.2&#8243; _module_preset=&#8221;default&#8221; header_font=&#8221;|600|||||||&#8221; header_text_color=&#8221;#7DF76F&#8221; link_option_url=&#8221;https:\/\/www.primicias.ec\/noticias\/en-exclusiva\/hackear-sistemas-estrategicos-estrategia-crimen-organizado\/&#8221; link_option_url_new_window=&#8221;on&#8221; hover_enabled=&#8221;0&#8243; global_colors_info=&#8221;{}&#8221; sticky_enabled=&#8221;0&#8243;]<p class=\"p1\">El 10 de marzo, la plataforma inform\u00e1tica del CIES sufri\u00f3 un ataque, comprometiendo la informaci\u00f3n procesada por esta instituci\u00f3n y a los subsistemas de Inteligencia de la Polic\u00eda y Fuerzas Armadas de Ecuador.<\/p>[\/et_pb_blurb][et_pb_button button_url=&#8221;https:\/\/www.primicias.ec\/noticias\/en-exclusiva\/hackear-sistemas-estrategicos-estrategia-crimen-organizado\/&#8221; url_new_window=&#8221;on&#8221; button_text=&#8221;Leer m\u00e1s&#8221; _builder_version=&#8221;4.19.2&#8243; _module_preset=&#8221;default&#8221; custom_button=&#8221;on&#8221; button_text_color=&#8221;#000000&#8243; button_bg_color=&#8221;#FFFFFF&#8221; button_border_color=&#8221;#7DF76F&#8221; hover_enabled=&#8221;0&#8243; global_colors_info=&#8221;{}&#8221; sticky_enabled=&#8221;0&#8243;][\/et_pb_button][\/et_pb_column][et_pb_column type=&#8221;1_2&#8243; _builder_version=&#8221;4.19.2&#8243; _module_preset=&#8221;default&#8221; global_colors_info=&#8221;{}&#8221;][\/et_pb_column][\/et_pb_row][\/et_pb_section][et_pb_section fb_built=&#8221;1&#8243; _builder_version=&#8221;4.19.2&#8243; _module_preset=&#8221;default&#8221; background_color=&#8221;#7DF76F&#8221; global_colors_info=&#8221;{}&#8221; global_module=&#8221;138&#8243; theme_builder_area=&#8221;post_content&#8221;][et_pb_row _builder_version=&#8221;4.19.2&#8243; _module_preset=&#8221;default&#8221; global_colors_info=&#8221;{}&#8221; theme_builder_area=&#8221;post_content&#8221;][et_pb_column type=&#8221;4_4&#8243; _builder_version=&#8221;4.19.2&#8243; _module_preset=&#8221;default&#8221; global_colors_info=&#8221;{}&#8221; theme_builder_area=&#8221;post_content&#8221;][et_pb_text _builder_version=&#8221;4.19.2&#8243; _module_preset=&#8221;default&#8221; global_colors_info=&#8221;{}&#8221; theme_builder_area=&#8221;post_content&#8221;]<h1 class=\"p1\" style=\"text-align: center;\">Conoce nuestros planes y membres\u00edas adaptados para tu \u00f3ptima protecci\u00f3n.<\/h1>[\/et_pb_text][et_pb_button button_url=&#8221;@ET-DC@eyJkeW5hbWljIjp0cnVlLCJjb250ZW50IjoicG9zdF9saW5rX3VybF9wYWdlIiwic2V0dGluZ3MiOnsicG9zdF9pZCI6IjgyIn19@&#8221; button_text=&#8221;Planes Red:Muller&#8221; button_alignment=&#8221;center&#8221; _builder_version=&#8221;4.19.2&#8243; _dynamic_attributes=&#8221;button_url&#8221; _module_preset=&#8221;default&#8221; custom_button=&#8221;on&#8221; button_text_color=&#8221;#000000&#8243; button_bg_color=&#8221;#FFFFFF&#8221; button_border_width=&#8221;2px&#8221; button_border_color=&#8221;#000000&#8243; global_colors_info=&#8221;{}&#8221; theme_builder_area=&#8221;post_content&#8221;][\/et_pb_button][\/et_pb_column][\/et_pb_row][\/et_pb_section][et_pb_section fb_built=&#8221;1&#8243; _builder_version=&#8221;4.19.2&#8243; _module_preset=&#8221;default&#8221; background_color=&#8221;#000000&#8243; global_module=&#8221;66&#8243; saved_tabs=&#8221;all&#8221; global_colors_info=&#8221;{}&#8221;][et_pb_row _builder_version=&#8221;4.19.2&#8243; _module_preset=&#8221;default&#8221; global_colors_info=&#8221;{}&#8221;][et_pb_column type=&#8221;4_4&#8243; _builder_version=&#8221;4.19.2&#8243; _module_preset=&#8221;default&#8221; global_colors_info=&#8221;{}&#8221;][et_pb_text _builder_version=&#8221;4.19.2&#8243; _module_preset=&#8221;default&#8221; header_text_color=&#8221;#7DF76F&#8221; custom_margin=&#8221;||7px|||&#8221; global_colors_info=&#8221;{}&#8221;]<h1>CONT\u00c1CTANOS:<\/h1>[\/et_pb_text][et_pb_text _builder_version=&#8221;4.19.2&#8243; _module_preset=&#8221;default&#8221; text_text_color=&#8221;#FFFFFF&#8221; background_color=&#8221;RGBA(255,255,255,0)&#8221; text_orientation=&#8221;center&#8221; global_colors_info=&#8221;{}&#8221;]<p class=\"p1\" style=\"text-align: left;\">Somos tu propio departamento de IT remoto y vers\u00e1til. Tu respaldo en la nube. Tu complemento tecnol\u00f3gico las 24\/7.<\/p>[\/et_pb_text][\/et_pb_column][\/et_pb_row][et_pb_row column_structure=&#8221;1_2,1_2&#8243; _builder_version=&#8221;4.19.2&#8243; _module_preset=&#8221;default&#8221; global_colors_info=&#8221;{}&#8221;][et_pb_column type=&#8221;1_2&#8243; _builder_version=&#8221;4.19.2&#8243; _module_preset=&#8221;default&#8221; global_colors_info=&#8221;{}&#8221;][et_pb_image src=&#8221;https:\/\/redmuller.net\/wp-content\/uploads\/2023\/01\/icon4-RM.png&#8221; title_text=&#8221;icon4-RM&#8221; _builder_version=&#8221;4.19.2&#8243; _module_preset=&#8221;default&#8221; width=&#8221;16%&#8221; module_alignment=&#8221;left&#8221; custom_margin=&#8221;|0px|18px|0px|false|false&#8221; custom_padding=&#8221;|||0px|false|false&#8221; global_colors_info=&#8221;{}&#8221;][\/et_pb_image][et_pb_text _builder_version=&#8221;4.19.2&#8243; _module_preset=&#8221;default&#8221; text_text_color=&#8221;#FFFFFF&#8221; custom_margin=&#8221;-5px|||||&#8221; global_colors_info=&#8221;{}&#8221;]<p>Red M\u00fcller net.<br \/>Quito, Ecuador.<br \/>security@redmuller.net<br \/>+593 96 034 1341<\/p>[\/et_pb_text][\/et_pb_column][et_pb_column type=&#8221;1_2&#8243; _builder_version=&#8221;4.19.2&#8243; _module_preset=&#8221;default&#8221; global_colors_info=&#8221;{}&#8221;][et_pb_contact_form captcha=&#8221;off&#8221; email=&#8221;security@redmuller.net&#8221; success_message=&#8221;Mensaje Enviado!&#8221; submit_button_text=&#8221;Enviar&#8221; _builder_version=&#8221;4.19.2&#8243; _module_preset=&#8221;default&#8221; _unique_id=&#8221;0a99d28a-693b-4c1b-b049-9509b76d0b49&#8243; form_field_background_color=&#8221;#000000&#8243; form_field_text_color=&#8221;#FFFFFF&#8221; form_field_focus_background_color=&#8221;#FFFFFF&#8221; form_field_focus_text_color=&#8221;#000000&#8243; form_field_font=&#8221;|||on|||||&#8221; form_field_font_size=&#8221;14px&#8221; custom_button=&#8221;on&#8221; button_text_color=&#8221;#000000&#8243; button_bg_color=&#8221;#FFFFFF&#8221; button_border_color=&#8221;#7DF76F&#8221; border_width_all=&#8221;2px&#8221; border_color_all=&#8221;#7DF76F&#8221; global_colors_info=&#8221;{}&#8221;][et_pb_contact_field field_id=&#8221;Name&#8221; field_title=&#8221;Nombre&#8221; _builder_version=&#8221;4.19.2&#8243; global_colors_info=&#8221;{}&#8221; button_text_size__hover_enabled=&#8221;off&#8221; button_one_text_size__hover_enabled=&#8221;off&#8221; button_two_text_size__hover_enabled=&#8221;off&#8221; button_text_color__hover_enabled=&#8221;off&#8221; button_one_text_color__hover_enabled=&#8221;off&#8221; button_two_text_color__hover_enabled=&#8221;off&#8221; button_border_width__hover_enabled=&#8221;off&#8221; button_one_border_width__hover_enabled=&#8221;off&#8221; button_two_border_width__hover_enabled=&#8221;off&#8221; button_border_color__hover_enabled=&#8221;off&#8221; button_one_border_color__hover_enabled=&#8221;off&#8221; button_two_border_color__hover_enabled=&#8221;off&#8221; button_border_radius__hover_enabled=&#8221;off&#8221; button_one_border_radius__hover_enabled=&#8221;off&#8221; button_two_border_radius__hover_enabled=&#8221;off&#8221; button_letter_spacing__hover_enabled=&#8221;off&#8221; button_one_letter_spacing__hover_enabled=&#8221;off&#8221; button_two_letter_spacing__hover_enabled=&#8221;off&#8221; button_bg_color__hover_enabled=&#8221;off&#8221; button_one_bg_color__hover_enabled=&#8221;off&#8221; button_two_bg_color__hover_enabled=&#8221;off&#8221;][\/et_pb_contact_field][et_pb_contact_field field_id=&#8221;Email&#8221; field_title=&#8221;Tu Email&#8221; field_type=&#8221;email&#8221; _builder_version=&#8221;4.19.2&#8243; global_colors_info=&#8221;{}&#8221; button_text_size__hover_enabled=&#8221;off&#8221; button_one_text_size__hover_enabled=&#8221;off&#8221; button_two_text_size__hover_enabled=&#8221;off&#8221; button_text_color__hover_enabled=&#8221;off&#8221; button_one_text_color__hover_enabled=&#8221;off&#8221; button_two_text_color__hover_enabled=&#8221;off&#8221; button_border_width__hover_enabled=&#8221;off&#8221; button_one_border_width__hover_enabled=&#8221;off&#8221; button_two_border_width__hover_enabled=&#8221;off&#8221; button_border_color__hover_enabled=&#8221;off&#8221; button_one_border_color__hover_enabled=&#8221;off&#8221; button_two_border_color__hover_enabled=&#8221;off&#8221; button_border_radius__hover_enabled=&#8221;off&#8221; button_one_border_radius__hover_enabled=&#8221;off&#8221; button_two_border_radius__hover_enabled=&#8221;off&#8221; button_letter_spacing__hover_enabled=&#8221;off&#8221; button_one_letter_spacing__hover_enabled=&#8221;off&#8221; button_two_letter_spacing__hover_enabled=&#8221;off&#8221; button_bg_color__hover_enabled=&#8221;off&#8221; button_one_bg_color__hover_enabled=&#8221;off&#8221; button_two_bg_color__hover_enabled=&#8221;off&#8221;][\/et_pb_contact_field][et_pb_contact_field field_id=&#8221;Message&#8221; field_title=&#8221;Mensaje&#8221; field_type=&#8221;text&#8221; fullwidth_field=&#8221;on&#8221; _builder_version=&#8221;4.19.2&#8243; global_colors_info=&#8221;{}&#8221; button_text_size__hover_enabled=&#8221;off&#8221; button_one_text_size__hover_enabled=&#8221;off&#8221; button_two_text_size__hover_enabled=&#8221;off&#8221; button_text_color__hover_enabled=&#8221;off&#8221; button_one_text_color__hover_enabled=&#8221;off&#8221; button_two_text_color__hover_enabled=&#8221;off&#8221; button_border_width__hover_enabled=&#8221;off&#8221; button_one_border_width__hover_enabled=&#8221;off&#8221; button_two_border_width__hover_enabled=&#8221;off&#8221; button_border_color__hover_enabled=&#8221;off&#8221; button_one_border_color__hover_enabled=&#8221;off&#8221; button_two_border_color__hover_enabled=&#8221;off&#8221; button_border_radius__hover_enabled=&#8221;off&#8221; button_one_border_radius__hover_enabled=&#8221;off&#8221; button_two_border_radius__hover_enabled=&#8221;off&#8221; button_letter_spacing__hover_enabled=&#8221;off&#8221; button_one_letter_spacing__hover_enabled=&#8221;off&#8221; button_two_letter_spacing__hover_enabled=&#8221;off&#8221; button_bg_color__hover_enabled=&#8221;off&#8221; button_one_bg_color__hover_enabled=&#8221;off&#8221; button_two_bg_color__hover_enabled=&#8221;off&#8221;][\/et_pb_contact_field][\/et_pb_contact_form][\/et_pb_column][\/et_pb_row][\/et_pb_section][et_pb_section fb_built=&#8221;1&#8243; _builder_version=&#8221;4.19.2&#8243; _module_preset=&#8221;default&#8221; custom_padding=&#8221;11px||16px|||&#8221; global_module=&#8221;75&#8243; saved_tabs=&#8221;all&#8221; global_colors_info=&#8221;{}&#8221;][et_pb_row column_structure=&#8221;1_2,1_2&#8243; _builder_version=&#8221;4.19.2&#8243; _module_preset=&#8221;default&#8221; custom_margin=&#8221;|auto|-8px|auto||&#8221; global_colors_info=&#8221;{}&#8221;][et_pb_column type=&#8221;1_2&#8243; _builder_version=&#8221;4.19.2&#8243; _module_preset=&#8221;default&#8221; global_colors_info=&#8221;{}&#8221;][et_pb_image src=&#8221;https:\/\/redmuller.net\/wp-content\/uploads\/2023\/01\/logo4-RM.png&#8221; title_text=&#8221;logo4-RM&#8221; _builder_version=&#8221;4.19.2&#8243; _module_preset=&#8221;default&#8221; global_colors_info=&#8221;{}&#8221;][\/et_pb_image][\/et_pb_column][et_pb_column type=&#8221;1_2&#8243; _builder_version=&#8221;4.19.2&#8243; _module_preset=&#8221;default&#8221; global_colors_info=&#8221;{}&#8221;][et_pb_divider show_divider=&#8221;off&#8221; _builder_version=&#8221;4.19.2&#8243; _module_preset=&#8221;default&#8221; global_colors_info=&#8221;{}&#8221;][\/et_pb_divider][et_pb_text _builder_version=&#8221;4.19.2&#8243; _module_preset=&#8221;default&#8221; global_colors_info=&#8221;{}&#8221;]<p>Todos los derechos reservados \u00ae Red M\u00fcller &#8211; Quito, Ecuador<\/p>[\/et_pb_text][\/et_pb_column][\/et_pb_row][\/et_pb_section]\n\n\n\n\n\n\n","protected":false},"excerpt":{"rendered":"<p>Riesgos de ataques cibern\u00e9ticosUn estudio de ESET Security realizado entre 2500 empresas de 15 paises de la regi\u00f3n determinaron que durante el 2021:\u00a0 En Latinoam\u00e9rica, 3 de cada 5 empresas sufrieron por lo menos un incidente de seguridad en la red; la mayor\u00eda estuvo en el top de la infecci\u00f3n con c\u00f3digos maliciosos.\u00a0 En dicho [&hellip;]<\/p>\n","protected":false},"author":1,"featured_media":0,"parent":0,"menu_order":4,"comment_status":"closed","ping_status":"closed","template":"","meta":{"_et_pb_use_builder":"on","_et_pb_old_content":"","_et_gb_content_width":"","om_disable_all_campaigns":false,"_monsterinsights_skip_tracking":false,"_monsterinsights_sitenote_active":false,"_monsterinsights_sitenote_note":"","_monsterinsights_sitenote_category":0,"footnotes":""},"class_list":["post-108","page","type-page","status-publish","hentry"],"aioseo_notices":[],"_links":{"self":[{"href":"https:\/\/redmuller.net\/index.php\/wp-json\/wp\/v2\/pages\/108","targetHints":{"allow":["GET"]}}],"collection":[{"href":"https:\/\/redmuller.net\/index.php\/wp-json\/wp\/v2\/pages"}],"about":[{"href":"https:\/\/redmuller.net\/index.php\/wp-json\/wp\/v2\/types\/page"}],"author":[{"embeddable":true,"href":"https:\/\/redmuller.net\/index.php\/wp-json\/wp\/v2\/users\/1"}],"replies":[{"embeddable":true,"href":"https:\/\/redmuller.net\/index.php\/wp-json\/wp\/v2\/comments?post=108"}],"version-history":[{"count":17,"href":"https:\/\/redmuller.net\/index.php\/wp-json\/wp\/v2\/pages\/108\/revisions"}],"predecessor-version":[{"id":188,"href":"https:\/\/redmuller.net\/index.php\/wp-json\/wp\/v2\/pages\/108\/revisions\/188"}],"wp:attachment":[{"href":"https:\/\/redmuller.net\/index.php\/wp-json\/wp\/v2\/media?parent=108"}],"curies":[{"name":"wp","href":"https:\/\/api.w.org\/{rel}","templated":true}]}}